{"id":9240,"date":"2023-02-07T15:06:41","date_gmt":"2023-02-07T13:06:41","guid":{"rendered":"https:\/\/monarksportsmed.com\/?page_id=9240"},"modified":"2024-11-19T15:11:35","modified_gmt":"2024-11-19T13:11:35","slug":"submaximal-performance-testing","status":"publish","type":"page","link":"https:\/\/monarksportsmed.com\/en\/submaximal-performance-testing\/","title":{"rendered":"Submaximal performance testing"},"content":{"rendered":"<h1>Submaximal performance testing<\/h1>\n<p>The \u00c5strand test is a cycling test developed by professor Per-Olof \u00c5strand. \u00c5strand was a pioneer in modern exercise physiology working at GIH in Stockholm. The goal of this 6-minute submaximal cycle test is to measure the maximal oxygen uptake capacity (VO2 max) which is very useful for health screenings and medical rehabilitation.<\/p>\n<h2>Which exercise bikes are suitable for the test?<\/h2>\n<p>For a sub-maximal test we recommend using the following bikes: LC7TT, LC6, 939 and 928. This to test the individual on several occasions, for example during a training period, determining whether a cardio workout has been effective. For this the LC7TT can be helpful as it has high measurement accuracy and great calibration possibilities.<br \/>\nThe 939 is our most advanced medical cycle ergometer. It is specially designed to facilitate physiological tests where high accuracy and repeatability are necessary and it is one of the world&#8217;s most accurate cycle ergometers.<br \/>\n928 is a rpm-independent cycle ergometer (constant power regardless of pedaling speed) with a low step and upright cycling position. The brake load can be operated directly via the display or from a computer using the Monark Test Software.<\/p>\n<h2>What is required of an exercise bike?<\/h2>\n<p>For an exercise bike to be named best in tests, it must be well-constructed and durable, have a good and easy-to-use training computer and suit both tall and short exercisers. It should also be easy to move around. When choosing an exercise bike, you should first of all think about how much you will use the bike and for what.<br \/>\nIf you are going to use it for warming up or cooling down, before or after a workout, you may not have as high demands on comfort and technology as if the exercise bike is the main workout itself. The test performers have taken a closer look at price, design, functions (such as number of programs and connection via Bluetooth), user-friendliness (type of resistance, flywheel, saddle\/handlebar adjustability and maximum user weight) and how easy the machine is to store (size, weight and whether transport wheels are available).<\/p>\n","protected":false},"excerpt":{"rendered":"<p>Submaximal performance testing The \u00c5strand test is a cycling test developed by professor Per-Olof \u00c5strand. \u00c5strand was a pioneer in modern exercise physiology working at GIH in Stockholm. The goal of this 6-minute submaximal cycle test is to measure the maximal oxygen uptake capacity (VO2 max) which is very useful for health screenings and medical&hellip;<\/p>\n","protected":false},"author":1,"featured_media":0,"parent":0,"menu_order":0,"comment_status":"closed","ping_status":"closed","template":"","meta":{"_acf_changed":false,"_improvement_type_select":"improve_an_existing","_thumb_yes_seoaic":false,"_frame_yes_seoaic":false,"seoaic_generate_description":"","seoaic_improve_instructions_prompt":"","seoaic_rollback_content_improvement":"","seoaic_idea_thumbnail_generator":"","thumbnail_generated":false,"thumbnail_generate_prompt":"","seoaic_article_description":"","inline_featured_image":false,"footnotes":""},"tags":[],"anpassad_layout":[],"class_list":["post-9240","page","type-page","status-publish","hentry"],"acf":[],"yoast_head":"<!-- This site is optimized with the Yoast SEO plugin v27.3 - https:\/\/yoast.com\/product\/yoast-seo-wordpress\/ -->\n<title>Submaximal performance testing - Monark Sports &amp; Medical<\/title>\n<meta name=\"description\" content=\"Looking to perform sub-maximal performance testing? Monark recommends the \u00c5strand test using our LC7TT, LC6, LC2, EVO bike models.\" \/>\n<meta name=\"robots\" content=\"index, follow, max-snippet:-1, max-image-preview:large, max-video-preview:-1\" \/>\n<link rel=\"canonical\" href=\"https:\/\/monarksportsmed.com\/en\/submaximal-performance-testing\/\" \/>\n<meta property=\"og:locale\" content=\"en_US\" \/>\n<meta property=\"og:type\" content=\"article\" \/>\n<meta property=\"og:title\" content=\"Submaximal performance testing - Monark Sports &amp; Medical\" \/>\n<meta property=\"og:description\" content=\"Looking to perform sub-maximal performance testing? Monark recommends the \u00c5strand test using our LC7TT, LC6, LC2, EVO bike models.\" \/>\n<meta property=\"og:url\" content=\"https:\/\/monarksportsmed.com\/en\/submaximal-performance-testing\/\" \/>\n<meta property=\"og:site_name\" content=\"Monark Sports &amp; Medical\" \/>\n<meta property=\"article:modified_time\" content=\"2024-11-19T13:11:35+00:00\" \/>\n<meta name=\"twitter:card\" content=\"summary_large_image\" \/>\n<script type=\"application\/ld+json\" class=\"yoast-schema-graph\">{\"@context\":\"https:\\\/\\\/schema.org\",\"@graph\":[{\"@type\":\"WebPage\",\"@id\":\"https:\\\/\\\/monarksportsmed.com\\\/en\\\/submaximal-performance-testing\\\/\",\"url\":\"https:\\\/\\\/monarksportsmed.com\\\/en\\\/submaximal-performance-testing\\\/\",\"name\":\"Submaximal performance testing - Monark Sports &amp; Medical\",\"isPartOf\":{\"@id\":\"https:\\\/\\\/monarksportsmed.com\\\/en\\\/#website\"},\"datePublished\":\"2023-02-07T13:06:41+00:00\",\"dateModified\":\"2024-11-19T13:11:35+00:00\",\"description\":\"Looking to perform sub-maximal performance testing? Monark recommends the \u00c5strand test using our LC7TT, LC6, LC2, EVO bike models.\",\"breadcrumb\":{\"@id\":\"https:\\\/\\\/monarksportsmed.com\\\/en\\\/submaximal-performance-testing\\\/#breadcrumb\"},\"inLanguage\":\"en-US\",\"potentialAction\":[{\"@type\":\"ReadAction\",\"target\":[\"https:\\\/\\\/monarksportsmed.com\\\/en\\\/submaximal-performance-testing\\\/\"]}]},{\"@type\":\"BreadcrumbList\",\"@id\":\"https:\\\/\\\/monarksportsmed.com\\\/en\\\/submaximal-performance-testing\\\/#breadcrumb\",\"itemListElement\":[{\"@type\":\"ListItem\",\"position\":1,\"name\":\"Home\",\"item\":\"https:\\\/\\\/monarksportsmed.com\\\/en\\\/\"},{\"@type\":\"ListItem\",\"position\":2,\"name\":\"Submaximal performance testing\"}]},{\"@type\":\"WebSite\",\"@id\":\"https:\\\/\\\/monarksportsmed.com\\\/en\\\/#website\",\"url\":\"https:\\\/\\\/monarksportsmed.com\\\/en\\\/\",\"name\":\"Monark Sports &amp; Medical\",\"description\":\"Med \u00f6ver 100 \u00e5rs erfarenhet av cykel och cykelproduktion\",\"potentialAction\":[{\"@type\":\"SearchAction\",\"target\":{\"@type\":\"EntryPoint\",\"urlTemplate\":\"https:\\\/\\\/monarksportsmed.com\\\/en\\\/?s={search_term_string}\"},\"query-input\":{\"@type\":\"PropertyValueSpecification\",\"valueRequired\":true,\"valueName\":\"search_term_string\"}}],\"inLanguage\":\"en-US\"}]}<\/script>\n<!-- \/ Yoast SEO plugin. -->","yoast_head_json":{"title":"Submaximal performance testing - Monark Sports &amp; Medical","description":"Looking to perform sub-maximal performance testing? Monark recommends the \u00c5strand test using our LC7TT, LC6, LC2, EVO bike models.","robots":{"index":"index","follow":"follow","max-snippet":"max-snippet:-1","max-image-preview":"max-image-preview:large","max-video-preview":"max-video-preview:-1"},"canonical":"https:\/\/monarksportsmed.com\/en\/submaximal-performance-testing\/","og_locale":"en_US","og_type":"article","og_title":"Submaximal performance testing - Monark Sports &amp; Medical","og_description":"Looking to perform sub-maximal performance testing? Monark recommends the \u00c5strand test using our LC7TT, LC6, LC2, EVO bike models.","og_url":"https:\/\/monarksportsmed.com\/en\/submaximal-performance-testing\/","og_site_name":"Monark Sports &amp; Medical","article_modified_time":"2024-11-19T13:11:35+00:00","twitter_card":"summary_large_image","schema":{"@context":"https:\/\/schema.org","@graph":[{"@type":"WebPage","@id":"https:\/\/monarksportsmed.com\/en\/submaximal-performance-testing\/","url":"https:\/\/monarksportsmed.com\/en\/submaximal-performance-testing\/","name":"Submaximal performance testing - Monark Sports &amp; Medical","isPartOf":{"@id":"https:\/\/monarksportsmed.com\/en\/#website"},"datePublished":"2023-02-07T13:06:41+00:00","dateModified":"2024-11-19T13:11:35+00:00","description":"Looking to perform sub-maximal performance testing? Monark recommends the \u00c5strand test using our LC7TT, LC6, LC2, EVO bike models.","breadcrumb":{"@id":"https:\/\/monarksportsmed.com\/en\/submaximal-performance-testing\/#breadcrumb"},"inLanguage":"en-US","potentialAction":[{"@type":"ReadAction","target":["https:\/\/monarksportsmed.com\/en\/submaximal-performance-testing\/"]}]},{"@type":"BreadcrumbList","@id":"https:\/\/monarksportsmed.com\/en\/submaximal-performance-testing\/#breadcrumb","itemListElement":[{"@type":"ListItem","position":1,"name":"Home","item":"https:\/\/monarksportsmed.com\/en\/"},{"@type":"ListItem","position":2,"name":"Submaximal performance testing"}]},{"@type":"WebSite","@id":"https:\/\/monarksportsmed.com\/en\/#website","url":"https:\/\/monarksportsmed.com\/en\/","name":"Monark Sports &amp; Medical","description":"Med \u00f6ver 100 \u00e5rs erfarenhet av cykel och cykelproduktion","potentialAction":[{"@type":"SearchAction","target":{"@type":"EntryPoint","urlTemplate":"https:\/\/monarksportsmed.com\/en\/?s={search_term_string}"},"query-input":{"@type":"PropertyValueSpecification","valueRequired":true,"valueName":"search_term_string"}}],"inLanguage":"en-US"}]}},"_links":{"self":[{"href":"https:\/\/monarksportsmed.com\/en\/wp-json\/wp\/v2\/pages\/9240","targetHints":{"allow":["GET"]}}],"collection":[{"href":"https:\/\/monarksportsmed.com\/en\/wp-json\/wp\/v2\/pages"}],"about":[{"href":"https:\/\/monarksportsmed.com\/en\/wp-json\/wp\/v2\/types\/page"}],"author":[{"embeddable":true,"href":"https:\/\/monarksportsmed.com\/en\/wp-json\/wp\/v2\/users\/1"}],"replies":[{"embeddable":true,"href":"https:\/\/monarksportsmed.com\/en\/wp-json\/wp\/v2\/comments?post=9240"}],"version-history":[{"count":0,"href":"https:\/\/monarksportsmed.com\/en\/wp-json\/wp\/v2\/pages\/9240\/revisions"}],"wp:attachment":[{"href":"https:\/\/monarksportsmed.com\/en\/wp-json\/wp\/v2\/media?parent=9240"}],"wp:term":[{"taxonomy":"post_tag","embeddable":true,"href":"https:\/\/monarksportsmed.com\/en\/wp-json\/wp\/v2\/tags?post=9240"},{"taxonomy":"anpassad_layout","embeddable":true,"href":"https:\/\/monarksportsmed.com\/en\/wp-json\/wp\/v2\/anpassad_layout?post=9240"}],"curies":[{"name":"wp","href":"https:\/\/api.w.org\/{rel}","templated":true}]}}